{"id":104,"date":"2024-01-27T09:50:03","date_gmt":"2024-01-27T08:50:03","guid":{"rendered":"https:\/\/kunst-kultur-mainspitze.de\/?page_id=104"},"modified":"2024-04-05T13:49:48","modified_gmt":"2024-04-05T12:49:48","slug":"impressum","status":"publish","type":"page","link":"https:\/\/kunst-kultur-mainspitze.de\/?page_id=104","title":{"rendered":"Impressum"},"content":{"rendered":"\n<div class=\"wp-block-group alignfull has-global-padding is-layout-constrained wp-container-core-group-is-layout-490fa1db wp-block-group-is-layout-constrained\" style=\"padding-top:var(--wp--preset--spacing--50);padding-right:var(--wp--preset--spacing--50);padding-bottom:var(--wp--preset--spacing--50);padding-left:var(--wp--preset--spacing--50)\">\n<div class=\"wp-block-group has-global-padding is-layout-constrained wp-container-core-group-is-layout-650790e1 wp-block-group-is-layout-constrained\">\n<h1 class=\"wp-block-heading has-text-align-center has-x-large-font-size\">Der Verein fu\u0308r Kunst und Kultur auf der Mainspitze e. V.\nsieht sich als F\u00f6rderer der Kunst und Kultur.<\/h1>\n\n\n\n<div style=\"height:1.25rem\" aria-hidden=\"true\" class=\"wp-block-spacer\"><\/div>\n\n\n\n<p>Verein f\u00fcr Kunst und Kultur auf der Mainspitze e. V.<br>Hans J\u00fcrgen Jansen<\/p>\n\n\n\n<p>Vorsitzender<br>Mainstra\u00dfe 2<br>65462 Ginsheim-Gustavsburg<br><\/p>\n\n\n\n<ol class=\"wp-block-list\"><\/ol>\n\n\n\n<ol class=\"wp-block-list\"><\/ol>\n\n\n\n<p>Mail: <br><a href=\"mailto:vorstand@kunst-kultur-mainspitze.de\">vorstand@kunst-kultur-mainspitze.de<\/a><br><br>Website: <br>www.kunst-kultur-mainspitze.de<br><br>Vereinsregister: Amtsgericht Darmstadt, VR 83848<\/p>\n\n\n\n<p>Stand: Januar 2024<\/p>\n\n\n\n<div style=\"height:1.25rem\" aria-hidden=\"true\" class=\"wp-block-spacer\"><\/div>\n<\/div>\n\n\n\n<div style=\"height:var(--wp--preset--spacing--30)\" aria-hidden=\"true\" class=\"wp-block-spacer\"><\/div>\n<\/div>\n","protected":false},"excerpt":{"rendered":"<p>Der Verein fu\u0308r Kunst und Kultur auf der Mainspitze e. V. sieht sich als F\u00f6rderer der Kunst und Kultur. Verein f\u00fcr Kunst und Kultur auf der Mainspitze e. V.Hans J\u00fcrgen Jansen VorsitzenderMainstra\u00dfe 265462 Ginsheim-Gustavsburg Mail: vorstand@kunst-kultur-mainspitze.de Website: www.kunst-kultur-mainspitze.de Vereinsregister: Amtsgericht Darmstadt, VR 83848 Stand: Januar 2024<\/p>\n","protected":false},"author":1,"featured_media":0,"parent":0,"menu_order":0,"comment_status":"closed","ping_status":"closed","template":"","meta":{"om_disable_all_campaigns":false,"_monsterinsights_skip_tracking":false,"_monsterinsights_sitenote_active":false,"_monsterinsights_sitenote_note":"","_monsterinsights_sitenote_category":0,"footnotes":""},"class_list":["post-104","page","type-page","status-publish","hentry"],"aioseo_notices":[],"_links":{"self":[{"href":"https:\/\/kunst-kultur-mainspitze.de\/index.php?rest_route=\/wp\/v2\/pages\/104","targetHints":{"allow":["GET"]}}],"collection":[{"href":"https:\/\/kunst-kultur-mainspitze.de\/index.php?rest_route=\/wp\/v2\/pages"}],"about":[{"href":"https:\/\/kunst-kultur-mainspitze.de\/index.php?rest_route=\/wp\/v2\/types\/page"}],"author":[{"embeddable":true,"href":"https:\/\/kunst-kultur-mainspitze.de\/index.php?rest_route=\/wp\/v2\/users\/1"}],"replies":[{"embeddable":true,"href":"https:\/\/kunst-kultur-mainspitze.de\/index.php?rest_route=%2Fwp%2Fv2%2Fcomments&post=104"}],"version-history":[{"count":5,"href":"https:\/\/kunst-kultur-mainspitze.de\/index.php?rest_route=\/wp\/v2\/pages\/104\/revisions"}],"predecessor-version":[{"id":170,"href":"https:\/\/kunst-kultur-mainspitze.de\/index.php?rest_route=\/wp\/v2\/pages\/104\/revisions\/170"}],"wp:attachment":[{"href":"https:\/\/kunst-kultur-mainspitze.de\/index.php?rest_route=%2Fwp%2Fv2%2Fmedia&parent=104"}],"curies":[{"name":"wp","href":"https:\/\/api.w.org\/{rel}","templated":true}]}}