{"id":132,"date":"2024-02-06T16:23:32","date_gmt":"2024-02-06T15:23:32","guid":{"rendered":"https:\/\/kunst-kultur-mainspitze.de\/?page_id=132"},"modified":"2025-10-17T13:06:38","modified_gmt":"2025-10-17T12:06:38","slug":"veranstaltungen-2","status":"publish","type":"page","link":"https:\/\/kunst-kultur-mainspitze.de\/?page_id=132","title":{"rendered":"Veranstaltungen"},"content":{"rendered":"\n<h2 class=\"wp-block-heading\">Oktober 2025<\/h2>\n\n\n\n<h2 class=\"wp-block-heading\"><\/h2>\n\n\n\n<p><\/p>\n\n\n\n<p><\/p>\n\n\n\n<p class=\"has-medium-font-size\"><strong>\u25ba <\/strong>Mo. <strong>20.10.2025<\/strong>, 19:00 Uhr<\/p>\n\n\n\n<p class=\"has-medium-font-size\"><strong>Paul Maar liest aus seinem Roman f\u00fcr Erwachsene<\/strong><br><strong><mark style=\"background-color:rgba(0, 0, 0, 0)\" class=\"has-inline-color has-accent-3-color\">\u201eLORNA&#8220;<\/mark><\/strong><\/p>\n\n\n\n<p>An diesem Abend trifft man zwar den SAMS-Autor <strong>Paul Maar<\/strong>, muss sich aber auf eine ganz andere Erz\u00e4hlform und Schreibweise einstellen, denn Paul Maar stellt seinen Roman f\u00fcr Erwachsene vor. Es geht um <strong>Lorna<\/strong> mit ihren roten Haaren und gr\u00fcnen Augen: Sie ist die Beste beim Fu\u00dfball, immer hilfsbereit und nimmt sich einen Au\u00dfenseiter zum Freund. F\u00fcr ihn, den Sch\u00fcchternen, wird sie die gro\u00dfe Liebe. Man zieht zusammen in eine WG, geht auf Reisen und schmiedet Zukunftspl\u00e4ne: Sie will Psychologie oder Sozialp\u00e4dagogik studieren, und er will an die Kunstakademie. Aber dann wird Lorna eine andere: unruhig, aggressiv, unberechenbar. Irgendwann legt sie Feuer in der WG \u2026<br>Paul Maar kommt nach der Lesung gerne mit seinen G\u00e4sten ins Gespr\u00e4ch.<\/p>\n\n\n\n<p>Eintritt: VVK: 18 \u20ac (erm. 15 \u20ac) \/ AK: 20 \u20ac (erm. 17 \u20ac)<\/p>\n\n\n\n<p>Tickets:&nbsp; online <a href=\"https:\/\/vivenu.com\/event\/lesung-lorna-mit-paul-maar-12apx3\" target=\"_blank\" rel=\"noopener\" title=\"ticket.gigu.de\">ticket.gigu.de<\/a> und in den <a href=\"online: tickets.gigu.de oder in den B\u00fcrgerb\u00fcros, Telefon 06144 925120\">B\u00fcrgerb\u00fcros Ginsheim-Gustavsburg<\/a> 06144-925120<\/p>\n\n\n\n<p>Ort: Burg-Lichtspiele, Darmst\u00e4dter Landstr. 62, 65462 Ginsheim-Gustavsburg<\/p>\n\n\n\n<figure class=\"wp-block-image size-large\"><img loading=\"lazy\" decoding=\"async\" width=\"1024\" height=\"576\" src=\"https:\/\/kunst-kultur-mainspitze.de\/wp-content\/uploads\/2025\/10\/KuK_Paul_Maar_co_Paul_Maar-1024x576.jpg\" alt=\"Paul Maar, der Vater des SAMS, schreibt auch f\u00fcr Erwachsene. Foto: privat. Alle Rechte: Paul Maar\" class=\"wp-image-280\" srcset=\"https:\/\/kunst-kultur-mainspitze.de\/wp-content\/uploads\/2025\/10\/KuK_Paul_Maar_co_Paul_Maar-1024x576.jpg 1024w, https:\/\/kunst-kultur-mainspitze.de\/wp-content\/uploads\/2025\/10\/KuK_Paul_Maar_co_Paul_Maar-300x169.jpg 300w, https:\/\/kunst-kultur-mainspitze.de\/wp-content\/uploads\/2025\/10\/KuK_Paul_Maar_co_Paul_Maar-768x432.jpg 768w, https:\/\/kunst-kultur-mainspitze.de\/wp-content\/uploads\/2025\/10\/KuK_Paul_Maar_co_Paul_Maar.jpg 1450w\" sizes=\"auto, (max-width: 1024px) 100vw, 1024px\" \/><\/figure>\n\n\n\n<p><a data-type=\"page\" data-id=\"134\" href=\"https:\/\/kunst-kultur-mainspitze.de\/?page_id=134\"><strong><mark style=\"background-color:rgba(0, 0, 0, 0)\" class=\"has-inline-color has-accent-3-color\">Weitere Informationen finden Sie hier<\/mark><\/strong><\/a><\/p>\n\n\n\n<p><\/p>\n","protected":false},"excerpt":{"rendered":"<p>Oktober 2025 \u25ba Mo. 20.10.2025, 19:00 Uhr Paul Maar liest aus seinem Roman f\u00fcr Erwachsene\u201eLORNA&#8220; An diesem Abend trifft man zwar den SAMS-Autor Paul Maar, muss sich aber auf eine ganz andere Erz\u00e4hlform und Schreibweise einstellen, denn Paul Maar stellt seinen Roman f\u00fcr Erwachsene vor. Es geht um Lorna mit ihren roten Haaren und gr\u00fcnen [&hellip;]<\/p>\n","protected":false},"author":1,"featured_media":0,"parent":0,"menu_order":0,"comment_status":"closed","ping_status":"closed","template":"","meta":{"om_disable_all_campaigns":false,"_monsterinsights_skip_tracking":false,"_monsterinsights_sitenote_active":false,"_monsterinsights_sitenote_note":"","_monsterinsights_sitenote_category":0,"footnotes":""},"class_list":["post-132","page","type-page","status-publish","hentry"],"aioseo_notices":[],"_links":{"self":[{"href":"https:\/\/kunst-kultur-mainspitze.de\/index.php?rest_route=\/wp\/v2\/pages\/132","targetHints":{"allow":["GET"]}}],"collection":[{"href":"https:\/\/kunst-kultur-mainspitze.de\/index.php?rest_route=\/wp\/v2\/pages"}],"about":[{"href":"https:\/\/kunst-kultur-mainspitze.de\/index.php?rest_route=\/wp\/v2\/types\/page"}],"author":[{"embeddable":true,"href":"https:\/\/kunst-kultur-mainspitze.de\/index.php?rest_route=\/wp\/v2\/users\/1"}],"replies":[{"embeddable":true,"href":"https:\/\/kunst-kultur-mainspitze.de\/index.php?rest_route=%2Fwp%2Fv2%2Fcomments&post=132"}],"version-history":[{"count":25,"href":"https:\/\/kunst-kultur-mainspitze.de\/index.php?rest_route=\/wp\/v2\/pages\/132\/revisions"}],"predecessor-version":[{"id":290,"href":"https:\/\/kunst-kultur-mainspitze.de\/index.php?rest_route=\/wp\/v2\/pages\/132\/revisions\/290"}],"wp:attachment":[{"href":"https:\/\/kunst-kultur-mainspitze.de\/index.php?rest_route=%2Fwp%2Fv2%2Fmedia&parent=132"}],"curies":[{"name":"wp","href":"https:\/\/api.w.org\/{rel}","templated":true}]}}