{"id":2,"date":"2024-01-27T02:21:50","date_gmt":"2024-01-27T02:21:50","guid":{"rendered":"https:\/\/kunst-kultur-mainspitze.de\/?page_id=2"},"modified":"2025-10-13T19:11:04","modified_gmt":"2025-10-13T18:11:04","slug":"sample-page","status":"publish","type":"page","link":"https:\/\/kunst-kultur-mainspitze.de\/","title":{"rendered":"Verein fu\u0308r Kunst und Kultur auf der Mainspitze e.V."},"content":{"rendered":"\n<p class=\"has-text-align-left\"><strong>Der Verein fu\u0308r Kunst und Kultur auf der Mainspitze e. V.<\/strong> sieht sich als F\u00f6rderer der Kunst und Kultur.<br>Leitgedanken sind eine internationale Gesinnung, Toleranz auf allen Gebieten der Kultur und die F\u00f6rderung der Erziehung und Bildung.<\/p>\n\n\n\n<p class=\"has-text-align-left\"><br><strong>Der Verein fu\u0308r Kunst und Kultur auf der Mainspitze e. V.<\/strong> ist eine Initiative von interessierten Bu\u0308rgerinnen und Bu\u0308rgern der Region.<br>Mit den Mitgliedsbeitr\u00e4gen wird ein vielf\u00e4ltiges und anspruchsvolles kulturelles Programm finanziert. Dazu geh\u00f6ren <strong><a data-type=\"page\" data-id=\"132\" href=\"https:\/\/kunst-kultur-mainspitze.de\/?page_id=132\">Veranstaltungen<\/a><\/strong> wie Konzerte, Lesungen, Kunst-Ausstellungen, Kleinkunst, aber auch Lesef\u00f6rderung fu\u0308r Kinder, Jugendliche und Migranten.<br>Das Miteinander der Kulturen soll gelebt werden und sich in den Veranstaltungen widerspiegeln. Mit den unterschiedlichen Angeboten sollen Menschen aller Altersgruppen und Nationalit\u00e4ten angesprochen werden.<\/p>\n\n\n\n<p class=\"has-text-align-left\"><br><strong>Der Verein fu\u0308r Kunst und Kultur auf der Mainspitze e. V.<\/strong> ist unabh\u00e4ngig. Der Verein sucht aber die Zusammenarbeit mit anderen Initiativen, Gruppen und Vereinen, die als ihr Ziel die F\u00f6rderung des kulturellen Lebens sehen.<br><br><strong><a href=\"https:\/\/kunst-kultur-mainspitze.de\/?page_id=132\" title=\"\">Unsere LESUNGEN im OKTOBER 2025 &#8230;<\/a><\/strong><br><\/p>\n\n\n\n<blockquote class=\"wp-block-quote is-layout-flow wp-block-quote-is-layout-flow\">\n<p><strong><a href=\"https:\/\/kunst-kultur-mainspitze.de\/wp-content\/uploads\/2024\/01\/Verein-fuer-Kunst-und-Kultur-auf-der-Mainspitze-eV-Beitrittserklaerung-Stand-2024-01.pdf\" data-type=\"attachment\" data-id=\"25\" target=\"_blank\" rel=\"noreferrer noopener\">Werden Sie Mitglied<\/a><a href=\"https:\/\/kunst-kultur-mainspitze.de\/wp-content\/uploads\/2024\/01\/Verein-fuer-Kunst-und-Kultur-auf-der-Mainspitze-eV-Beitrittserklaerung-Stand-2024-01.pdf\" data-type=\"attachment\" data-id=\"25\">!<\/a><\/strong><\/p>\n<\/blockquote>\n\n\n\n<p class=\"has-text-align-left\"><strong>Verein f\u00fcr Kunst und Kultur auf der Mainspitze e. V.<\/strong><\/p>\n\n\n\n<p class=\"has-text-align-left\">Vorsitzender: Hans J\u00fcrgen Jansen<br>Mainstra\u00dfe 2<br>65462 Ginsheim-Gustavsburg<\/p>\n\n\n\n<p class=\"has-text-align-left\">Mail: <a href=\"mailto:vorstand@kunst-kultur-mainspitze.de\">vorstand@kunst-kultur-mainspitze.de<\/a><br>Vereinsregister: Amtsgericht Darmstadt, VR 83848<\/p>\n\n\n\n<p><\/p>\n\n\n\n<div class=\"wp-block-buttons is-layout-flex wp-block-buttons-is-layout-flex\">\n<div class=\"wp-block-button is-style-fill\"><a class=\"wp-block-button__link wp-element-button\" href=\"https:\/\/kunst-kultur-mainspitze.de\/wp-content\/uploads\/2024\/01\/Verein-fuer-Kunst-und-Kultur-auf-der-Mainspitze-eV-Beitrittserklaerung-Stand-2024-01.pdf\" target=\"_blank\" rel=\"noreferrer noopener\">Beitrittserkl\u00e4rung Download<\/a><\/div>\n<\/div>\n\n\n\n<p><\/p>\n","protected":false},"excerpt":{"rendered":"<p>Der Verein fu\u0308r Kunst und Kultur auf der Mainspitze e. V. sieht sich als F\u00f6rderer der Kunst und Kultur.Leitgedanken sind eine internationale Gesinnung, Toleranz auf allen Gebieten der Kultur und die F\u00f6rderung der Erziehung und Bildung. Der Verein fu\u0308r Kunst und Kultur auf der Mainspitze e. V. ist eine Initiative von interessierten Bu\u0308rgerinnen und Bu\u0308rgern [&hellip;]<\/p>\n","protected":false},"author":1,"featured_media":114,"parent":0,"menu_order":0,"comment_status":"closed","ping_status":"open","template":"","meta":{"om_disable_all_campaigns":false,"_monsterinsights_skip_tracking":false,"_monsterinsights_sitenote_active":false,"_monsterinsights_sitenote_note":"","_monsterinsights_sitenote_category":0,"footnotes":""},"class_list":["post-2","page","type-page","status-publish","has-post-thumbnail","hentry"],"aioseo_notices":[],"_links":{"self":[{"href":"https:\/\/kunst-kultur-mainspitze.de\/index.php?rest_route=\/wp\/v2\/pages\/2","targetHints":{"allow":["GET"]}}],"collection":[{"href":"https:\/\/kunst-kultur-mainspitze.de\/index.php?rest_route=\/wp\/v2\/pages"}],"about":[{"href":"https:\/\/kunst-kultur-mainspitze.de\/index.php?rest_route=\/wp\/v2\/types\/page"}],"author":[{"embeddable":true,"href":"https:\/\/kunst-kultur-mainspitze.de\/index.php?rest_route=\/wp\/v2\/users\/1"}],"replies":[{"embeddable":true,"href":"https:\/\/kunst-kultur-mainspitze.de\/index.php?rest_route=%2Fwp%2Fv2%2Fcomments&post=2"}],"version-history":[{"count":23,"href":"https:\/\/kunst-kultur-mainspitze.de\/index.php?rest_route=\/wp\/v2\/pages\/2\/revisions"}],"predecessor-version":[{"id":276,"href":"https:\/\/kunst-kultur-mainspitze.de\/index.php?rest_route=\/wp\/v2\/pages\/2\/revisions\/276"}],"wp:featuredmedia":[{"embeddable":true,"href":"https:\/\/kunst-kultur-mainspitze.de\/index.php?rest_route=\/wp\/v2\/media\/114"}],"wp:attachment":[{"href":"https:\/\/kunst-kultur-mainspitze.de\/index.php?rest_route=%2Fwp%2Fv2%2Fmedia&parent=2"}],"curies":[{"name":"wp","href":"https:\/\/api.w.org\/{rel}","templated":true}]}}