{"id":3,"date":"2024-01-27T02:21:50","date_gmt":"2024-01-27T02:21:50","guid":{"rendered":"https:\/\/kunst-kultur-mainspitze.de\/?page_id=3"},"modified":"2024-01-27T10:29:46","modified_gmt":"2024-01-27T09:29:46","slug":"datenschutzerklaerung","status":"publish","type":"page","link":"https:\/\/kunst-kultur-mainspitze.de\/?page_id=3","title":{"rendered":"Datenschutzerkl\u00e4rung"},"content":{"rendered":"\n<p><strong>Datenschutzerkl\u00e4rung und Verwendung von Cookies<\/strong><br>Die Privatsph\u00e4re unserer Nutzer ist uns sehr wichtig. Diese Datenschutzerkl\u00e4rung gilt f\u00fcr s\u00e4mtliche personenbezogenen Daten, die Sie uns zur Verf\u00fcgung stellen. In dieser Datenschutzerkl\u00e4rung wird dargelegt, wie wir personenbezogene Daten, die Sie uns im Rahmen der Nutzung dieser Website \u00fcbermitteln, nutzen und sch\u00fctzen. Sollten Sie Fragen zu dieser Erkl\u00e4rung haben senden Sie uns bitte eine E-Mail an vorstand@<a href=\"https:\/\/kunst-kultur-mainspitze.de\/\">kunst-kultur-mainspitze.de<\/a> bevor Sie diese Website nutzen.<\/p>\n\n\n\n<p>Diese Datenschutzerkl\u00e4rung kann von uns jederzeit durch Aktualisierung dieser Seite ge\u00e4ndert werden. Um sicherzustellen, dass Sie mit etwaigen \u00c4nderungen einverstanden sind, sollten Sie diese Seite gelegentlich noch einmal aufrufen und diese Datenschutzerkl\u00e4rung noch einmal lesen. Diese Datenschutzerkl\u00e4rung ist g\u00fcltig ab Januar 2024.<\/p>\n\n\n\n<p><strong>Welche personenbezogenen Daten erheben wir?<\/strong><br>Sofern Sie sich nicht bei uns registrieren und ein Konto einrichten, k\u00f6nnen Sie im Allgemeinen diese Website nutzen, ohne uns personenbezogene Daten mitzuteilen, .Ein Gro\u00dfteil der Daten, die wir erheben, wenn Sie unsere Website besuchen, erm\u00f6glichen uns nicht die Feststellung Ihrer Identit\u00e4t. Beispielsweise erfassen wir bestimmte Daten automatisch, wie Ihren Domain-Namen und Ihre gek\u00fcrzte IP-Adresse, Ihre Browser-Version, Ihr Betriebssystem, die URL,von der Sie auf unsere Website kamen, die einzelnen Seiten, die Sie innerhalb einer Website besuchen, die URL, die Sie nach Verlassen einer Website aufrufen, und ob Sie zu der Website zur\u00fcckkehren. Wir verwenden diese Daten, um die Website-Performance, die Nutzung von Funktionen und Leistungen, den Datenverkehr, demographische Entwicklungen sowie Browser-Versionen zu beobachten, unsere Website und Leistungen zu verbessern und sie auf Ihre Interessen zuzuschneiden. Die Daten werden so zusammengefasst, dass die Identifizierung einzelner Personen nicht m\u00f6glich ist, sofern Sie nicht eine konkrete Anfrage stellen, wie z.B. zur Funktionsweise der Website, oder uns Ihre Identit\u00e4t durch T\u00e4tigung eines Kaufs, durch Einrichtung eines Kontos oder \u00dcbermittlung Ihrer E-Mail-Adresse preisgeben.<\/p>\n\n\n\n<p>Wenn wir bestimmte Daten von Ihnen erhoben haben, sind m\u00f6glicherweise zus\u00e4tzliche Leistungen verf\u00fcgbar, und bestimmte Daten werden von Ihnen erhoben, wenn Sie sich bei uns registrieren. Die folgenden Daten k\u00f6nnen von uns erhoben und genutzt werden:<\/p>\n\n\n\n<p>Ihr Name und Ihre Kontaktdaten (darin eingeschlossen Postanschrift, E-Mail-Adresse und Telefonnummer) und etwaige andere Kontaktdaten,die Sie uns mitteilen,<\/p>\n\n\n\n<p><\/p>\n\n\n\n<p>Was geschieht mit den von uns erhobenen personenbezogenen Daten?<\/p>\n\n\n\n<p>Wir nutzen Ihre personenbezogenen Daten, um Ihnen einen besseren Service zu bieten, und insbesondere auch aus folgenden Gr\u00fcnden:<\/p>\n\n\n\n<p>um Ihnen die Nutzung unserer Produkte und Leistungen zu erleichtern,<br>zur Bearbeitung und Einziehung Ihrer Zahlungen, soweit Sie auf der Seite Produkte kaufen,<br>zu internen Aufzeichnungszwecken,<br>zur Verbesserung unserer Produkte und Leistungen (mehr Details hierzu finden Sie unten)<br>um Ihr Besuchserlebnis auf der Webseite zu verbessern und zu personalisieren (mehr Details hierzu finden Sie unten)<br>um bei Ihrem Besuch auf der Webseite oder auf einer anderen, externen Website bestimmte Produkte zu bewerben, von denen wir glauben, dass sie f\u00fcr Sie interessant sein k\u00f6nnten (mehr Details hierzu finden Sie unten)<br>um mit Ihnen per E-Mail, per Telefon oder auf dem Postweg zu kommunizieren, wenn Sie bei uns Produkte bestellt oder gekauft haben, entweder in Bezug auf die Bestellung oder den Kauf oder in Bezug auf andere<\/p>\n\n\n\n<p>Angelegenheiten, die Transaktionen zwischen uns, das Kundenverh\u00e4ltnis oder Ihr Konto bei uns (sofern vorhanden) betreffen, um Sie in Bezug auf eine konkrete Anfrage zu kontaktieren, die Sie gestellt haben, zum Zweck der statistischen Auswertung, um Sie, sofern Sie Ihre ausdr\u00fcckliche Einwilligung hierzu erteilt haben, per E-Mail, telefonisch oder auf dem Postwege zu kontaktieren, und Sie \u00fcber Produkte, Leistungen, Werbeaktionen und Events zu informieren, von denen wir glauben, dass sie f\u00fcr Sie interessant sein k\u00f6nnten oder Sie gegebenenfalls um Feedback zu unseren Produkten und Leistungen zu bitten; zu Zwecken des Direktmarketings oder E-Mail-Marketings, sofern Sie uns hierzu Ihre ausdr\u00fcckliche Einwilligung erteilt haben, und um Sie zu Marktforschungszwecken zu kontaktieren, sofern Sie uns hierzu Ihre ausdr\u00fcckliche Einwilligung erteilt haben.<\/p>\n\n\n\n<p>Wir k\u00f6nnen zu Marketing- und Marktforschungszwecken, oder um unsere Websites den Bed\u00fcrfnissen unserer Nutzer anzupassen, Nutzungsprofile unter Verwendung von Pseudonymen erstellen. Die Nutzungsprofile werden nicht mit den personenbezogenen Daten des Tr\u00e4gers des Pseudonyms zusammengef\u00fchrt. Die Daten werden nicht dazu verwendet, die Identit\u00e4t der Nutzer unserer Websites zu ermitteln. Sie k\u00f6nnen der Erstellung von Nutzungsprofilen jederzeit widersprechen. Klicken Sie bitte hier, um Ihr Nicht-Einverst\u00e4ndnis zu erkl\u00e4ren \u00a0oder schreiben Sie uns eine E-Mail an vorstand@kunst-kultur-mainspitze.de. Die Verweigerung der Zustimmung wird f\u00fcr sp\u00e4tere Besuche unserer Websites in Ihrem Browser gespeichert.<\/p>\n\n\n\n<p><strong>An wen geben wir diese Daten weiter?<\/strong><\/p>\n\n\n\n<p>Ihre personenbezogenen Daten werden von den zust\u00e4ndigen kunst-kultur-mainspitze.de-Mitarbeitern sowie von denjenigen, die diese bei ihren Aufgaben unterst\u00fctzen, zu den oben genannten Zwecken verwendet. Sie werden auch den mit uns vertraglich verbundenen Service Providern zur Verf\u00fcgung gestellt, die mit uns zusammenarbeiten und f\u00fcr uns bestimmte Leistungen erbringen, wie z.B. IT-Support und Instandhaltung, Customer Service, Hosting, Marketing oder Online-Zahlungsdienste. Die Service Provider haben m\u00f6glicherweise Zugriff auf personenbezogene Daten, die sie zur Erf\u00fcllung ihrer Aufgaben in unserem Auftrag ben\u00f6tigen, d\u00fcrfen diese jedoch nicht weitergegeben oder zu einem anderen Zweck verwenden. kunst-kultur-mainspitze.de darf personenbezogene Daten, die Beschr\u00e4nkungen unterliegen, an andere Unternehmen der kunst-kultur-mainspitze.de-Gruppe weitergeben, die ebenfalls als verantwortliche Stelle agieren, soweit dies f\u00fcr ein ordnungsgem\u00e4\u00dfes Management und die Analyse und Beschlussfassung durch die Muttergesellschaft erforderlich ist.<\/p>\n\n\n\n<p><strong>kunst-kultur-mainspitze.de kann Ihre personenbezogenen Daten auch weitergeben,<\/strong><\/p>\n\n\n\n<p>um einer gerichtlichen Anordnung, einer Aufforderung zur Mitwirkung von einer f\u00fcr die Rechtsdurchsetzung zust\u00e4ndigen Beh\u00f6rde oder einer anderen staatlichen Beh\u00f6rde zu entsprechen, zur Begr\u00fcndung oder Aus\u00fcbung<br>eigener Rechte, zur Abwehr von Rechtsanspr\u00fcchen oder wie im \u00dcbrigen nach geltenden Gesetzen und\/oder Vorschriften erforderlich oder zul\u00e4ssig,<br>wenn kunst-kultur-mainspitze.de der Auffassung ist, dass eine Weitergabe in Verbindung mit Ermittlungen, vorbeugenden oder sonstigen Ma\u00dfnahmen, die in Bezug auf rechtswidrige Handlungen, einen Betrugsverdacht oder andere<br>Rechtswidrigkeiten unternommen werden, angemessen ist, zur Wahrung und Verteidigung der Rechte, des Eigentums oder der Sicherheit von kunst-kultur-mainspitze.de, ihrer Kunden, Mitarbeiter, Zulieferer oder anderer,<br>zur Einhaltung geltender gesetzlicher Bestimmungen oder in der Zusammenarbeit mit den f\u00fcr die Rechtsdurchsetzung zust\u00e4ndigen Beh\u00f6rden oder zur Durchsetzung ihrer Bedingungen oder Vereinbarungen und<br>gegen\u00fcber Kaufinteressenten oder K\u00e4ufern, sollte kunst-kultur-mainspitze.de einen Teil ihres Gesch\u00e4fts oder Verm\u00f6gens verkaufen.<\/p>\n\n\n\n<p>Soweit vorstehend nicht anders bestimmt, werden Ihre personenbezogenen Daten von uns nicht an Dritte \u00fcbermittelt, weitergegeben, verkauft, vertrieben oder an Dritte vermietet, sofern Sie uns hierzu nicht Ihre Einwilligung erteilt haben oder die \u00dcbermittlung oder Weitergabe, der Verkauf oder Vertrieb oder die Vermietung Ihrer personenbezogenen Daten an Dritte nicht nach den gesetzlichen Bestimmungen erforderlich oder zul\u00e4ssig ist.<\/p>\n\n\n\n<p><strong>Direktmarketing und Ihre Pr\u00e4ferenzen<\/strong><\/p>\n\n\n\n<p>kunst-kultur-mainspitze.de m\u00f6chten Sie gegebenenfalls \u00fcber neue Informationen, Werbeaktionen und andere Dinge informieren, die Sie interessieren k\u00f6nnten und Sie einladen, an Marktumfragen teilzunehmen. Die Mitteilung kann auf dem Postwege erfolgen (es sei denn, Sie haben uns gebeten, hiervon abzusehen) und, sofern Sie hierzu Ihre ausdr\u00fcckliche Einwilligung erteilt haben, telefonisch, per E-Mail oder SMS. Kontaktieren wir Sie zu Direktmarketing- oder Marktforschungszwecken oder erhalten Sie von uns entsprechende Unterlagen auf elektronischem Wege, stellt kunst-kultur-mainspitze.de sicher, dass Sie dabei stets die M\u00f6glichkeit haben, der Teilnahme an k\u00fcnftigen Direktmarketing-Aktionen oder Marktumfragen zu widersprechen. E-Mails k\u00f6nnen zum Beispiel einen Link oder eine E-Mail-Adresse enthalten, unter dem bzw. der Sie diese E-Mail-Nachrichten abbestellen k\u00f6nnen. Widersprechen Sie der Kontaktaufnahme zu Marketingzwecken oder widerrufen Sie Ihre Zustimmung, sehen kunst-kultur-mainspitze.de  unverz\u00fcglich von weiteren Kontaktaufnahmen zu Marketingzwecken ab. Sie k\u00f6nnen Ihre Meinung zum Thema Marketing jederzeit durch Mitteilung an kunst-kultur-mainspitze.de \u00e4ndern; die Kontaktdaten finden Sie vorstehend am Anfang dieser Erkl\u00e4rung. In diesem Fall entfernt kunst-kultur-mainspitze.de Ihre personenbezogenen Daten nicht notwendigerweise vollst\u00e4ndig aus der kunst-kultur-mainspitze.de -Datenbank bzw. den kunst-kultur-mainspitze.de-Datenbanken, vermerkt und beachtet jedoch Ihre ge\u00e4nderten Direktmarketing-Pr\u00e4ferenzen. Sie haben jedoch das Recht, durch entsprechende Aufforderung die unverz\u00fcgliche L\u00f6schung oder Sperre der personenbezogenen Daten zu verlangen, die wir von Ihnen besitzen.<\/p>\n\n\n\n<p><strong>Anforderung von Kopien oder Erg\u00e4nzung der von uns erhobenen Daten<\/strong><\/p>\n\n\n\n<p>Gem\u00e4\u00df den Bestimmungen des Bundesdatenschutzgesetzes k\u00f6nnen Sie jederzeit kostenlos detaillierte Auskunft \u00fcber die personenbezogenen Daten verlangen, die wir von Ihnen besitzen. W\u00fcnschen Sie eine Kopie der Daten, die wir von Ihnen besitzen, kontaktieren Sie uns bitte unter der kunst-kultur-mainspitze.de E-Mail.<\/p>\n\n\n\n<p>Bitte informieren Sie uns so schnell wie m\u00f6glich per Post oder per E-Mail, wenn Sie der Meinung sind, dass Daten, die wir von Ihnen besitzen, falsch oder unvollst\u00e4ndig sind. Wir berichtigen oder aktualisieren die Daten unverz\u00fcglich.<br>Alternativ k\u00f6nnen Sie etwaige Fehler in den uns mitgeteilten Daten berichtigen, indem Sie sich online bei Ihrem Konto anmelden.<\/p>\n\n\n\n<p><strong>Sicherheit und Speicherung<\/strong><\/p>\n\n\n\n<p>Bitte bedenken Sie, dass das Internet kein sicheres Medium ist. Mitteilungen, die \u00fcber das Internet gesendet werden, wie zum Beispiel E-Mails, sind nicht sicher, es sei denn, sie sind verschl\u00fcsselt. Wir haben geeignete physische, elektronische und betriebliche Verfahren eingef\u00fchrt, um die von uns online erhobenen Daten zu sch\u00fctzen und zu sichern. F\u00fcr die Erfassung und \u00dcbermittlung der Kreditkartendaten unserer Kunden, die mit unserem Website-Server ausgetauscht werden, nutzen wir Verschl\u00fcsselungstechnologien nach Industrienorm \u2013 ihre Kreditkartendaten werden von unserem Browser \u00fcber eine verschl\u00fcsselte Verbindung (SSL-Verbindung) an unseren sicheren Zahlungs-Gateway weitergeleitet. Der Anbieter unseres Zahlungs-Gateways verwendet das SSL-Verschl\u00fcsselungssystem. Die \u00dcbermittlung aller weiteren Daten erfolgt \u00fcber eine sichere Verbindung.<br>Haben Sie von uns ein Passwort erhalten (oder selber eines gew\u00e4hlt), das Ihnen Zugang zu bestimmten Bereichen der Website erm\u00f6glicht, sind Sie f\u00fcr die Geheimhaltung des Passworts verantwortlich. Wir bitten Sie, Ihr Passwort nicht an Dritte weiterzugeben. Alle Daten, die wir \u00fcber die Website, per Telefon, \u00fcber den Katalog oder im Gesch\u00e4ft erhalten, werden auf Servern gespeichert, die sich im Europ\u00e4ischen Wirtschaftsraum (EWR) befinden. Die Daten werden im Vereinigten K\u00f6nigreich von Mitarbeitern unserer Gesellschaft verarbeitet. Die T\u00e4tigkeit dieser Mitarbeiter kann unter anderem die Verarbeitung Ihrer Zahlungsdaten und die Erbringung von Support-Services umfassen. Durch die Eingabe Ihrer personenbezogenen Daten stimmen Sie der \u00dcbermittlung, Speicherung und Verarbeitung zu. kunst-kultur-mainspitze.de unternimmt alle Schritte, die vern\u00fcnftigerweise erforderlich sind, um<br>einen sicheren Umgang mit Ihren Daten gem\u00e4\u00df dieser Datenschutzerkl\u00e4rung sicherzustellen.<\/p>\n\n\n\n<p><strong>Cookies<\/strong><\/p>\n\n\n\n<p>Cookies sind Dateien, die Informationen auf Ihrer Festplatte oder in Ihrem Browser speichern, wodurch unsere Website erkennt, dass Sie die Website schon einmal besucht haben, und die verwendet werden, um den Zugriff auf die Website zu vereinfachen, Ihr Besuchserlebnis auf Sie zuzuschneiden und es Ihnen \u00fcber die verschiedenen Vorg\u00e4nge, einschlie\u00dflich der Zahlungsvorg\u00e4nge, hinweg zu erm\u00f6glichen, sich auf der Website zu bewegen. Durch die Cookies ist es f\u00fcr Sie einfacher, Ihre Pr\u00e4ferenzen auf der Website beizubehalten (auch durch Neunummerierung Ihrer Log-in Daten, wenn Sie auf Bereiche unserer Website zugreifen, die einer Zugangsbeschr\u00e4nkung unterliegen), und durch Beobachtung Ihrer Nutzung der Website k\u00f6nnen wir die Website entsprechend Ihren Pr\u00e4ferenzen zuschneiden und die Benutzerfreundlichkeit der Seite messen. Wir verwenden Cookies f\u00fcr bestimmte Bereiche unserer Website, darin eingeschlossen, aber nicht beschr\u00e4nkt auf, Sitzungscookies (\u201eSession Cookies\u201c), Cookies Dritter (\u201eThird Party Cookies\u201c) und dauerhafte Cookies (\u201ePersistent Cookies\u201c).<\/p>\n\n\n\n<p><strong>Session Cookies<\/strong><\/p>\n\n\n\n<p>werden mit Schlie\u00dfen des Browsers von Ihrem Computer gel\u00f6scht. Persistent Cookies verbleiben f\u00fcr unbeschr\u00e4nkte Zeit auf Ihrem Computer, sofern und solange sie nicht von Ihnen gel\u00f6scht werden. Weitere Informationen \u00fcber die unterschiedlichen Arten von Cookies erhalten Sie unter www.allaboutcookies.org. Mehr \u00fcber die von uns auf der Website verwendeten Cookies erfahren Sie in dem folgenden Absatz und unter dem darin angegebenen Link.<\/p>\n\n\n\n<p><strong>Wir verwenden Cookies zu folgenden Zwecken:<\/strong><\/p>\n\n\n\n<p>Zur Bewerbung unserer Produkte auf externen Websites. Dies erfolgt, indem wir Dritten, darunter Google und Adserve erlauben, Cookies auf unserer Website zu platzieren, wodurch sie Ihre Besuche auf unserer Website und die w\u00e4hrend Ihres Besuchs angezeigten Pr\u00e4ferenzen sowie Ihre anschlie\u00dfenden Besuche auf Websites Dritter in Ihrem Adserving-Netzwerk nachvollziehen k\u00f6nnen. Dadurch k\u00f6nnen wir auf den Dritt-Websites auf Sie zugeschnittene Werbung einblenden, ausgehend von den Informationen, die wir w\u00e4hrend Ihres Besuchs auf unserer Website \u00fcber Ihre Interessen gesammelt haben;<br>Um die einwandfreie Funktion unserer Website zu unterst\u00fctzen und sicherzustellen, dass Einstellungen in Bezug auf den Einkaufswagen, Navigation und landesspezifische Websites erhalten bleiben;<br>Um die Website-Performance zu beobachten und ein schnelles Surferlebnis sicherzustellen;<br>Um es Ihnen zu erm\u00f6glichen, Inhalte mit sozialen Netzwerken zu teilen, Interesse an Inhalten zum Ausdruck zu bringen und sich mit Ihrem sozialen Netzwerk in Verbindung zu setzen;<br>Um es uns zu erm\u00f6glichen, anonyme Informationen zur Verbesserung der Benutzerfreundlichkeit und des Inhalts der Website sowie des Besuchserlebnisses des Nutzers zu sammeln. Dies beinhaltet Auswertungs-Cookies wie Google Analytics. Wir verwenden Google Analytics auch, um Informationen \u00fcber Ihr Nutzungsverhalten auf der Website zu sammeln, zum Beispiel welche Seiten Sie besuchen, welche Links Sie anklicken und welche Suchen Sie auf der Website ausf\u00fchren. Die Informationen werden von uns zur Erstellung von Berichten verwendet und helfen uns, die Website zu verbessern. Die Sammlung der Informationen durch die Cookies erfolgt in anonymisierter Form, darunter die Anzahl der Besucher der Website, die Websites, von denen Besucher kommen, und die von ihnen aufgerufenen Seiten. Weitere Informationen \u00fcber die mit Hilfe von Google Analytics gesammelten Informationen erhalten Sie unter https:\/\/www.google.com\/intl\/en_uk\/analytics\/tos.html<br>Zur Bewertung der Umsetzung durch Dritte, indem wir anonyme Daten \u00fcber die Effektivit\u00e4t unseres Marketings erheben.<br>Bitte klicken Sie, um mehr \u00fcber die auf der Website verwendeten Cookie-Arten und deren Zweck zu erfahren, und ob es sich dabei um Session Cookies oder Persistent Cookies handelt. Die meisten Browser akzeptieren Cookies automatisch, doch in der der Regel k\u00f6nnen Browser-Einstellungen ge\u00e4ndert werden, um Cookies abzulehnen. Sie k\u00f6nnen die Cookies durch \u00c4nderung Ihrer Browser-Einstellungen l\u00f6schen oder ablehnen. Einzelheiten hierzu entnehmen Sie bitte dem Benutzerhandbuch Ihres Internet-Browsers oder der Hilfe-Funktion. In diesem Fall funktionieren einige Bestandteile und Leistungen der Website m\u00f6glicherweise<br>nicht ordnungsgem\u00e4\u00df. Um der Nachverfolgung durch Google Analytics \u00fcber alle Websites zu widersprechen, gehen Sie bitte zu tools.google.com\/dlpage\/gaoptout<\/p>\n\n\n\n<p><strong>Werden meine personenbezogenen Daten ins Ausland \u00fcbermittelt?<\/strong><\/p>\n\n\n\n<p>Nach deutschem Datenschutzrecht ist die Ausfuhr personenbezogener Daten in andere L\u00e4nder zul\u00e4ssig, sofern bei der Verarbeitung der personenbezogenen Daten ein angemessenes Schutzniveau eingehalten wird. Wir stellen sicher, dass die \u00dcbermittlung von Daten in L\u00e4nder au\u00dferhalb des EWR vorbehaltlich eines angemessenen Schutzes erfolgt, da die dortigen Datenschutz-Standards m\u00f6glicherweise nicht den Standards im EWR entsprechen. Sofern wir Ihre personenbezogenen Daten an eine Person, Gesellschaft, Niederlassung, Zweigstelle, Organisation, einen Service Provider oder Beauftragten im EU-Ausland \u00fcbermitteln, stellen wir sicher, dass wir mit diesen Dritten angemessene Sicherheits- und Datenschutzvorkehrungen getroffen haben, die deren Besitz von und Umgang mit personenbezogenen Daten in unserem Auftrag absichern, z.B. m\u00fcssen unsere Auftragsdatenverarbeiter die Standardvertragsklauseln akzeptieren, die zu diesem Zweck von der Europ\u00e4ischen Kommission vorgebeben wurden.<\/p>\n\n\n\n<p><\/p>\n\n\n\n<h2 class=\"wp-block-heading\"><\/h2>\n","protected":false},"excerpt":{"rendered":"<p>Datenschutzerkl\u00e4rung und Verwendung von CookiesDie Privatsph\u00e4re unserer Nutzer ist uns sehr wichtig. Diese Datenschutzerkl\u00e4rung gilt f\u00fcr s\u00e4mtliche personenbezogenen Daten, die Sie uns zur Verf\u00fcgung stellen. In dieser Datenschutzerkl\u00e4rung wird dargelegt, wie wir personenbezogene Daten, die Sie uns im Rahmen der Nutzung dieser Website \u00fcbermitteln, nutzen und sch\u00fctzen. Sollten Sie Fragen zu dieser Erkl\u00e4rung haben senden [&hellip;]<\/p>\n","protected":false},"author":1,"featured_media":0,"parent":0,"menu_order":0,"comment_status":"closed","ping_status":"closed","template":"","meta":{"om_disable_all_campaigns":false,"_monsterinsights_skip_tracking":false,"_monsterinsights_sitenote_active":false,"_monsterinsights_sitenote_note":"","_monsterinsights_sitenote_category":0,"footnotes":""},"class_list":["post-3","page","type-page","status-publish","hentry"],"aioseo_notices":[],"_links":{"self":[{"href":"https:\/\/kunst-kultur-mainspitze.de\/index.php?rest_route=\/wp\/v2\/pages\/3","targetHints":{"allow":["GET"]}}],"collection":[{"href":"https:\/\/kunst-kultur-mainspitze.de\/index.php?rest_route=\/wp\/v2\/pages"}],"about":[{"href":"https:\/\/kunst-kultur-mainspitze.de\/index.php?rest_route=\/wp\/v2\/types\/page"}],"author":[{"embeddable":true,"href":"https:\/\/kunst-kultur-mainspitze.de\/index.php?rest_route=\/wp\/v2\/users\/1"}],"replies":[{"embeddable":true,"href":"https:\/\/kunst-kultur-mainspitze.de\/index.php?rest_route=%2Fwp%2Fv2%2Fcomments&post=3"}],"version-history":[{"count":2,"href":"https:\/\/kunst-kultur-mainspitze.de\/index.php?rest_route=\/wp\/v2\/pages\/3\/revisions"}],"predecessor-version":[{"id":110,"href":"https:\/\/kunst-kultur-mainspitze.de\/index.php?rest_route=\/wp\/v2\/pages\/3\/revisions\/110"}],"wp:attachment":[{"href":"https:\/\/kunst-kultur-mainspitze.de\/index.php?rest_route=%2Fwp%2Fv2%2Fmedia&parent=3"}],"curies":[{"name":"wp","href":"https:\/\/api.w.org\/{rel}","templated":true}]}}